{"id":6,"date":"2018-11-26T12:45:27","date_gmt":"2018-11-26T12:45:27","guid":{"rendered":"https:\/\/www.idremed.com\/home\/"},"modified":"2025-04-14T12:21:08","modified_gmt":"2025-04-14T12:21:08","slug":"home","status":"publish","type":"page","link":"https:\/\/www.idremed.com\/de\/","title":{"rendered":"Home"},"content":{"rendered":"<h1>\n\t\t\t\tConsultancy &#038; expert project management with bespoke solutions\n\t\t\t<\/h1>\n\t<h3>\n\t\t\t\t\u00dcber uns\n\t\t\t<\/h3>\n\t<h2>\n\t\t\t\tHochqualifizierte Beratung bei der klinischen Entwicklung und bei Zulassungsstrategien\n\t\t\t<\/h2>\n\t<p>IDRE ist ein Beratungsunternehmen, das die weltweite Entwicklung neuer pharmazeutischer, biotechnologischer und medizintechnischer Produkte unterst\u00fctzt. Unser Netzwerk aus spezialisierten Beratern und Partnern erstreckt sich \u00fcber den gesamten Globus, darunter KOLs und Experten f\u00fcr die meisten klinischen Indikationen. Unser Team konzentriert sich auf die Bewertung von Produkten, die Erstellung von Entwicklungspl\u00e4nen und\/oder die Durchf\u00fchrung von Forschungsarbeiten in allen klinischen Phasen.<\/p>\n\t\t\t<a href=\"https:\/\/www.idremed.com\/de\/about\/\" title=\"Click Here\" target=\"_self\"   role=\"button\" aria-label=\"Mehr dazu\">\n\t\t\t\t\t\t\tMehr dazu\n\t\t<\/a>\n\t<h3>\n\t\t\t\tUnsere Kompetenz\n\t\t\t<\/h3>\n\t<h2>\n\t\t\t\tSo kann IDRE Sie unterst\u00fctzen\n\t\t\t<\/h2>\n\t<h4>\n\t\t\t\tIDRE unterst\u00fctzt Sie bei der fr\u00fchen Arzneimittelforschung\n\t\t\t<\/h4>\n\t\t\t<p>Das IDRE-Team verf\u00fcgt \u00fcber umfangreiche Erfahrungen in den fr\u00fchen Phasen der Arzneimittelentwicklung. Dies reicht von der Identifizierung und Validierung bis zur Auswahl und Lead-Optimierung<\/p>\t\n\t<h4>\n\t\t\t\tIDRE unterst\u00fctzt Ihre Produktentwicklung\n\t\t\t<\/h4>\n\t\t\t<p>IDRE ist ein weltweites Netz von F&amp;E-Fachleuten mit langj\u00e4hriger Erfahrung in der Entwicklung von pharmazeutischen und biotechnologischen Produkten.<\/p>\t\n\t<h4>\n\t\t\t\tIDRE identifiziert die am besten geeigneten KOLs f\u00fcr Ihre Arzneimittelentwicklungsstrategie\n\t\t\t<\/h4>\n\t\t\t<p>KOLs sind Spezialisten in ihrem klinischen Bereich und\/oder akademische Forscher, die auf ihrem Gebiet f\u00fchrend sind. IDRE bef\u00fcrwortet die Einbeziehung solcher Spezialisten bereits in den ersten Entwicklungsphasen.<\/p>\t\n\t<h4>\n\t\t\t\tIDRE w\u00e4hlt den am besten geeigneten CRO f\u00fcr Ihre klinischen Studien aus\n\t\t\t<\/h4>\n\t\t\t<p>Die Auswahl eines CROs als Partner ist eine wichtige Entscheidung, da es sehr schwierig ist, den CRO zu wechseln, sobald ein Projekt begonnen hat. IDRE hilft Ihnen, den idealen CRO f\u00fcr Ihre Anforderungen zu finden.<\/p>\t\n\t<h4>\n\t\t\t\tIDRE managt Ihre regulatorischen Anforderungen\n\t\t\t<\/h4>\n\t\t\t<p>Wir verf\u00fcgen \u00fcber eigene Zulassungsspezialisten auf der ganzen Welt sowie \u00fcber weltweite Unterst\u00fctzung bei Audits und Inspektionen. Unsere Experten kennen und verstehen die Feinheiten der Zulassungsangelegenheiten in ihren L\u00e4ndern und sorgen so f\u00fcr eine m\u00f6glichst reibungslose Kommunikation zwischen den Sponsoren und den Zulassungsbeh\u00f6rden.<\/p>\t\n\t<h4>\n\t\t\t\tIDRE provides your commercialization and distribution\n\t\t\t<\/h4>\n\t\t\t<p>We help companies expand in the EU by providing representation, establishing distribution channels, securing partnerships and licensing deals, and connecting with potential investors to drive growth and collaboration.<\/p>\t\n\t<h4>\n\t\t\t\tIDRE helps you connecting with global partners\n\t\t\t<\/h4>\n\t\t\t<p>We help healthcare companies grow globally by connecting with partners for B2B business solutions and expanding B2C reach in key regions, driving innovation and market success.<\/p>\t\n\t<h2>\n\t\t\t\tWir sind ein Privatunternehmen, \ngegr\u00fcndet und geleitet von hocherfahrenen Pharmazeuten.\n\t\t\t<\/h2>\n\t<h3>\n\t\t\t\tWas spricht f\u00fcr uns?\n\t\t\t<\/h3>\n\t<h2>\n\t\t\t\tDas Besondere an unserer Arbeit ist unser praxisorientierter Ansatz, der sich ganz auf Ihre Bed\u00fcrfnisse konzentriert\n\t\t\t<\/h2>\n\t\t\t\t<img loading=\"lazy\" decoding=\"async\" src=\"https:\/\/www.idremed.com\/wp-content\/uploads\/2021\/05\/iStock-493531092.jpg\" alt=\"Cropped shot of a businessman working on his laptop in his officehttp:\/\/195.154.178.81\/DATA\/i_collage\/pi\/shoots\/805747.jpg\" itemprop=\"image\" height=\"687\" width=\"509\" title=\"Tackling his latest project\" onerror=\"this.style.display='none'\"  \/>\n\t<h3>\n\t\t\t\tMenschen\n\t\t\t<\/h3>\n\t\t\t<p>Die optimale Kombination von internationalen Ressourcen, die aufgrund ihrer F\u00e4higkeiten, ihres Wissens und ihrer Loyalit\u00e4t sorgf\u00e4ltig ausgew\u00e4hlt werden, ist die Grundlage unserer Teams.<\/p>\t\n\t\t\t\t<img loading=\"lazy\" decoding=\"async\" src=\"https:\/\/www.idremed.com\/wp-content\/uploads\/2021\/05\/iStock-1077123558.jpg\" alt=\"screen showing an abstract programming flow chart diagram, process\" itemprop=\"image\" height=\"683\" width=\"512\" title=\"screen showing an abstract programming flow chart diagram\" onerror=\"this.style.display='none'\"  \/>\n\t<h3>\n\t\t\t\tAblauf\n\t\t\t<\/h3>\n\t\t\t<p>Unser Arbeitskonzept basiert auf Kommunikation, Information und Schulung und steuert ein Projekt nach spezifischen Richtlinien und regelm\u00e4\u00dfiger Berichterstattung an den Auftraggeber.<\/p>\t\n\t\t\t\t<img loading=\"lazy\" decoding=\"async\" src=\"https:\/\/www.idremed.com\/wp-content\/uploads\/2021\/05\/iStock-855066494.jpg\" alt=\"Young businessman analyze stock report on notebook screen.Concept of digital screen,virtual connection icon,diagram,graph interfaces on background.Vertical\" itemprop=\"image\" height=\"666\" width=\"525\" title=\"Young businessman analyze stock report on notebook screen.Concept of digital screen,virtual connection icon,diagram,graph interfaces on background.Vertical.\" onerror=\"this.style.display='none'\"  \/>\n\t<h3>\n\t\t\t\tTechnologie\n\t\t\t<\/h3>\n\t\t\t<p>Identify and implement the most cost-effective IT tools, software and applications to ensure the most effective project while simultaneously and con&#038;shytinuously sharing information with the sponsor.<\/p>\n\t<h3>\n\t\t\t\tErfahren Sie mehr \u00fcber unsere Dienstleistungen und ma\u00dfgeschneiderten L\u00f6sungen!<br \/>\n\t\t\t<\/h3>\n\t\t\t<a href=\"https:\/\/www.idremed.com\/de\/services\/\" title=\"Click Here\" target=\"_self\"   role=\"button\" aria-label=\"MEHR INFO\">\n\t\t\t\t\t\t\tMEHR INFO\n\t\t<\/a>","protected":false},"excerpt":{"rendered":"<p>Consultancy &#038; expert project management with bespoke solutions About us High-level clinical development and regulatory strategy support IDRE is an advisory company devoted to supporting the global development of new pharmaceutical, biotechnology and medical device products. Our network of specialist advisors and partners spans the globe, including KOLs and experts in most clinical indications. Our [&hellip;]<\/p>","protected":false},"author":4,"featured_media":0,"parent":0,"menu_order":0,"comment_status":"closed","ping_status":"closed","template":"","meta":{"site-sidebar-layout":"no-sidebar","site-content-layout":"page-builder","ast-site-content-layout":"default","site-content-style":"default","site-sidebar-style":"default","ast-global-header-display":"","ast-banner-title-visibility":"","ast-main-header-display":"","ast-hfb-above-header-display":"","ast-hfb-below-header-display":"","ast-hfb-mobile-header-display":"","site-post-title":"disabled","ast-breadcrumbs-content":"","ast-featured-img":"disabled","footer-sml-layout":"","ast-disable-related-posts":"","theme-transparent-header-meta":"enabled","adv-header-id-meta":"","stick-header-meta":"","header-above-stick-meta":"","header-main-stick-meta":"","header-below-stick-meta":"","astra-migrate-meta-layouts":"default","ast-page-background-enabled":"default","ast-page-background-meta":{"desktop":{"background-color":"","background-image":"","background-repeat":"repeat","background-position":"center center","background-size":"auto","background-attachment":"scroll","background-type":"","background-media":"","overlay-type":"","overlay-color":"","overlay-opacity":"","overlay-gradient":""},"tablet":{"background-color":"","background-image":"","background-repeat":"repeat","background-position":"center center","background-size":"auto","background-attachment":"scroll","background-type":"","background-media":"","overlay-type":"","overlay-color":"","overlay-opacity":"","overlay-gradient":""},"mobile":{"background-color":"","background-image":"","background-repeat":"repeat","background-position":"center center","background-size":"auto","background-attachment":"scroll","background-type":"","background-media":"","overlay-type":"","overlay-color":"","overlay-opacity":"","overlay-gradient":""}},"ast-content-background-meta":{"desktop":{"background-color":"var(--ast-global-color-5)","background-image":"","background-repeat":"repeat","background-position":"center center","background-size":"auto","background-attachment":"scroll","background-type":"","background-media":"","overlay-type":"","overlay-color":"","overlay-opacity":"","overlay-gradient":""},"tablet":{"background-color":"var(--ast-global-color-5)","background-image":"","background-repeat":"repeat","background-position":"center center","background-size":"auto","background-attachment":"scroll","background-type":"","background-media":"","overlay-type":"","overlay-color":"","overlay-opacity":"","overlay-gradient":""},"mobile":{"background-color":"var(--ast-global-color-5)","background-image":"","background-repeat":"repeat","background-position":"center center","background-size":"auto","background-attachment":"scroll","background-type":"","background-media":"","overlay-type":"","overlay-color":"","overlay-opacity":"","overlay-gradient":""}},"footnotes":""},"class_list":["post-6","page","type-page","status-publish","hentry"],"_links":{"self":[{"href":"https:\/\/www.idremed.com\/de\/wp-json\/wp\/v2\/pages\/6","targetHints":{"allow":["GET"]}}],"collection":[{"href":"https:\/\/www.idremed.com\/de\/wp-json\/wp\/v2\/pages"}],"about":[{"href":"https:\/\/www.idremed.com\/de\/wp-json\/wp\/v2\/types\/page"}],"author":[{"embeddable":true,"href":"https:\/\/www.idremed.com\/de\/wp-json\/wp\/v2\/users\/4"}],"replies":[{"embeddable":true,"href":"https:\/\/www.idremed.com\/de\/wp-json\/wp\/v2\/comments?post=6"}],"version-history":[{"count":47,"href":"https:\/\/www.idremed.com\/de\/wp-json\/wp\/v2\/pages\/6\/revisions"}],"predecessor-version":[{"id":1124,"href":"https:\/\/www.idremed.com\/de\/wp-json\/wp\/v2\/pages\/6\/revisions\/1124"}],"wp:attachment":[{"href":"https:\/\/www.idremed.com\/de\/wp-json\/wp\/v2\/media?parent=6"}],"curies":[{"name":"wp","href":"https:\/\/api.w.org\/{rel}","templated":true}]}}