{"id":7,"date":"2018-11-26T12:45:57","date_gmt":"2018-11-26T12:45:57","guid":{"rendered":"https:\/\/www.idremed.com\/about\/"},"modified":"2025-04-14T12:37:03","modified_gmt":"2025-04-14T12:37:03","slug":"about","status":"publish","type":"page","link":"https:\/\/www.idremed.com\/de\/about\/","title":{"rendered":"\u00dcber uns"},"content":{"rendered":"<h1>\n\t\t\t\t\u00dcBER UNS\n\t\t\t<\/h1>\n\t<h3>\n\t\t\t\tIDRE\n\t\t\t<\/h3>\n\t<h2>\n\t\t\t\tEin starkes und kompetentes Team, das Ihre Anforderungen umsetzt.\n\t\t\t<\/h2>\n\t<h3>\n\t\t\t\tIDRE ist eine klinische und wissenschaftliche Plattform f\u00fcr Kunden, die nach einer intelligenten und intuitiven Entwicklung ihrer klinischen Pipelines sowie nach regulatorischen, strategischen, finanziellen oder zeitkritischen Fragen suchen.\n\t\t\t<\/h3>\n<strong>Smarter Solutions for Clinical Development<\/strong>\nIDRE is your partner in advancing clinical pipelines with intelligent, intuitive solutions. We tackle regulatory, strategic, financial, and time-sensitive challenges, helping you confidently move forward.\nThe clinical research landscape is evolving rapidly, embracing technology like never before. With innovative tools for data integration, communication, automation, and interactive workflows, we empower sponsors to be actively involved, driving projects to success.\n<strong>Let&#8217;s transform your clinical journey with smarter, faster, and more connected solutions.<\/strong>\n\t<h3>\n\t\t\t\tExpert Guidance for Every Clinical Phase\n\t\t\t<\/h3>\n\t<p>At IDRE, we specialize in evaluating products, crafting development plans, and conducting research across all clinical phases.<\/p>\n\t<h4>\n\t\t\t\tSmart Strategy\n\t\t\t<\/h4>\n\t\t\t<p>Getting the strategy right is key. Our project managers (PMs) define requirements, set clear goals, and build the right expert team in collaboration with the sponsor.<\/p>\t\n\t<h4>\n\t\t\t\tDedicated Project Management\n\t\t\t<\/h4>\n\t\t\t<p>Every client gets a dedicated, results-driven PM who leads the program, ensuring focused assessments and expert insights.<\/p>\t\n\t<h4>\n\t\t\t\tDelivering Results\n\t\t\t<\/h4>\n\t\t\t<p>Meeting deadlines is our priority. Using cutting-edge technology and real-time communication tools, we keep sponsors informed every step of the way. With consistent PM and proactive planning, we prevent bottlenecks before they arise.<\/p>\t\n\t<h4>\n\t\t\t\tErgebnisse gew\u00e4hrleisten\n\t\t\t<\/h4>\n\t\t\t<p>Die Einhaltung von Fristen ist von gr\u00f6\u00dfter Bedeutung. Dank modernster IT-Technologie und Kommunikationstools erh\u00e4lt der Auftraggeber regelm\u00e4\u00dfig Informationen \u00fcber den Projektstatus. Von Anfang bis Ende wird derselbe Projektleiter eingesetzt, da IDRE die Probleme beim Wechsel eines Projektleiters oder von Teammitgliedern genau kennt. IDRE ist stolz darauf, einen umfassenden Service anbieten zu k\u00f6nnen, der das gesamte Projekt w\u00e4hrend seiner gesamten Laufzeit umfasst und somit sicherstellt, dass m\u00f6gliche Engp\u00e4sse bereits im Vorfeld absehbar sind. IDRE bietet seinen Teammitgliedern regelm\u00e4\u00dfige Schulungen an und ermutigt sie, an den Sitzungen der Projektleitung teilzunehmen. Daraus resultiert eine regelm\u00e4\u00dfige Berichterstattung und Dokumentation f\u00fcr den Auftraggeber.<\/p>\t\n\t<h3>\n\t\t\t\tAt IDRE, we don&#8217;t just manage projects we drive them forward.\n\t\t\t<\/h3>\n\t<h3>\n\t\t\t\tErfahren Sie mehr \u00fcber die HCSTH-Gruppe\n\t\t\t<\/h3>\n\t\t\t<a href=\"https:\/\/www.hcsth.com\" title=\"Click Here\" target=\"_blank\" rel=\"noopener\"  role=\"button\" aria-label=\"HCSTH BESUCHEN\">\n\t\t\t\t\t\t\tHCSTH BESUCHEN\n\t\t<\/a>","protected":false},"excerpt":{"rendered":"<p>ABOUT US IDRE A strong and competent team to meet your requirements IDRE is a clinical and research platform for clients seeking intelligent and intuitive development of their clinical pipelines and any regulatory, strategic, financial or time-sensitive issues. Smarter Solutions for Clinical Development IDRE is your partner in advancing clinical pipelines with intelligent, intuitive solutions. [&hellip;]<\/p>","protected":false},"author":4,"featured_media":0,"parent":0,"menu_order":0,"comment_status":"closed","ping_status":"closed","template":"","meta":{"site-sidebar-layout":"no-sidebar","site-content-layout":"page-builder","ast-site-content-layout":"default","site-content-style":"default","site-sidebar-style":"default","ast-global-header-display":"","ast-banner-title-visibility":"","ast-main-header-display":"","ast-hfb-above-header-display":"","ast-hfb-below-header-display":"","ast-hfb-mobile-header-display":"","site-post-title":"disabled","ast-breadcrumbs-content":"","ast-featured-img":"disabled","footer-sml-layout":"","ast-disable-related-posts":"","theme-transparent-header-meta":"enabled","adv-header-id-meta":"","stick-header-meta":"","header-above-stick-meta":"","header-main-stick-meta":"","header-below-stick-meta":"","astra-migrate-meta-layouts":"default","ast-page-background-enabled":"default","ast-page-background-meta":{"desktop":{"background-color":"","background-image":"","background-repeat":"repeat","background-position":"center center","background-size":"auto","background-attachment":"scroll","background-type":"","background-media":"","overlay-type":"","overlay-color":"","overlay-opacity":"","overlay-gradient":""},"tablet":{"background-color":"","background-image":"","background-repeat":"repeat","background-position":"center center","background-size":"auto","background-attachment":"scroll","background-type":"","background-media":"","overlay-type":"","overlay-color":"","overlay-opacity":"","overlay-gradient":""},"mobile":{"background-color":"","background-image":"","background-repeat":"repeat","background-position":"center center","background-size":"auto","background-attachment":"scroll","background-type":"","background-media":"","overlay-type":"","overlay-color":"","overlay-opacity":"","overlay-gradient":""}},"ast-content-background-meta":{"desktop":{"background-color":"var(--ast-global-color-5)","background-image":"","background-repeat":"repeat","background-position":"center center","background-size":"auto","background-attachment":"scroll","background-type":"","background-media":"","overlay-type":"","overlay-color":"","overlay-opacity":"","overlay-gradient":""},"tablet":{"background-color":"var(--ast-global-color-5)","background-image":"","background-repeat":"repeat","background-position":"center center","background-size":"auto","background-attachment":"scroll","background-type":"","background-media":"","overlay-type":"","overlay-color":"","overlay-opacity":"","overlay-gradient":""},"mobile":{"background-color":"var(--ast-global-color-5)","background-image":"","background-repeat":"repeat","background-position":"center center","background-size":"auto","background-attachment":"scroll","background-type":"","background-media":"","overlay-type":"","overlay-color":"","overlay-opacity":"","overlay-gradient":""}},"footnotes":""},"class_list":["post-7","page","type-page","status-publish","hentry"],"_links":{"self":[{"href":"https:\/\/www.idremed.com\/de\/wp-json\/wp\/v2\/pages\/7","targetHints":{"allow":["GET"]}}],"collection":[{"href":"https:\/\/www.idremed.com\/de\/wp-json\/wp\/v2\/pages"}],"about":[{"href":"https:\/\/www.idremed.com\/de\/wp-json\/wp\/v2\/types\/page"}],"author":[{"embeddable":true,"href":"https:\/\/www.idremed.com\/de\/wp-json\/wp\/v2\/users\/4"}],"replies":[{"embeddable":true,"href":"https:\/\/www.idremed.com\/de\/wp-json\/wp\/v2\/comments?post=7"}],"version-history":[{"count":37,"href":"https:\/\/www.idremed.com\/de\/wp-json\/wp\/v2\/pages\/7\/revisions"}],"predecessor-version":[{"id":1129,"href":"https:\/\/www.idremed.com\/de\/wp-json\/wp\/v2\/pages\/7\/revisions\/1129"}],"wp:attachment":[{"href":"https:\/\/www.idremed.com\/de\/wp-json\/wp\/v2\/media?parent=7"}],"curies":[{"name":"wp","href":"https:\/\/api.w.org\/{rel}","templated":true}]}}