{"id":8,"date":"2018-11-26T12:46:25","date_gmt":"2018-11-26T12:46:25","guid":{"rendered":"https:\/\/www.idremed.com\/services\/"},"modified":"2025-04-23T07:23:51","modified_gmt":"2025-04-23T07:23:51","slug":"services","status":"publish","type":"page","link":"https:\/\/www.idremed.com\/de\/services\/","title":{"rendered":"Service"},"content":{"rendered":"<h1>\n\t\t\t\tSERVICE\n\t\t\t<\/h1>\n\t<h2>\n\t\t\t\tA Network of Specialised Service Providers\n\t\t\t<\/h2>\n\t\t\t<p>IDRE offers a dynamic network of specialised service providers, combining expert focus with personalised support. Our centralised project management ensures every client benefits from the flexibility of tailored solutions and the strength of a united team.<strong>Let&#8217;s turn your vision into reality with precision and flexibility.<\/strong><\/p>\t\n\t\t\t\t<img loading=\"lazy\" decoding=\"async\" src=\"https:\/\/www.idremed.com\/wp-content\/uploads\/2025\/04\/pexels-yankrukov-7793741.jpg\" alt=\"pexels-yankrukov-7793741\" itemprop=\"image\" height=\"4000\" width=\"6000\" title=\"pexels-yankrukov-7793741\" onerror=\"this.style.display='none'\"  \/>\n\t<h3>\n\t\t\t\tService\n\t\t\t<\/h3>\n\t<h2>\n\t\t\t\tUnsere vier T\u00e4tigkeitsbereiche\n\t\t\t<\/h2>\n<h3>\n\t\tArzneimittelentwicklung\n\t<\/h3>\n\t<ul>\n<li>Identifizierung und Validierung von Zielen<\/li>\n<li>Hit-Identifizierung<\/li>\n<li>Testentwicklung &amp; Screening<\/li>\n<li>Hochdurchsatzscreening<\/li>\n<li>Hit to Lead<\/li>\n<li>Lead-Optimierung<\/li>\n<\/ul>\n<h3>\n\t\tKlinische Entwicklung\n\t<\/h3>\n\t<ul>\n<li>Phase I &#8211; Healthy Volunteer Study<\/li>\n<li>Phase II and Phase III &#8211; Studies in Patient Populations<\/li>\n<li>Studien zur Dosis-Eskalation, zur einmaligen aufsteigenden Dosierung und zur Mehrfachdosierung<\/li>\n<li>Sicherheit und Wirksamkeit<\/li>\n<li>Pharmakokinetische Analyse<\/li>\n<li>Bionanalytische Methodenentwicklung &amp; Validierung<\/li>\n<li>Marketing und Gesundheits\u00f6konomie<\/li>\n<\/ul>\n<h3>\n\t\tCommercialization and Distribution\n\t<\/h3>\n\t<ul>\n<li>EU Representation<\/li>\n<li>Distribution in EU<\/li>\n<li>Partnering and Licensing<\/li>\n<li>Identification of potential Investors and collaboration<\/li>\n<\/ul>\n<h3>\n\t\tPr\u00e4klinische Studien\n\t<\/h3>\n\t<ul>\n<li>In Vivo, In Vitro &amp; Ex Vivo Untersuchungen<\/li>\n<li>ADME<\/li>\n<li>Proof of Concept<\/li>\n<li>Medikamentenabgabe<\/li>\n<li>Optimierung der Zusammensetzung &amp; Bioverf\u00fcgbarkeit<\/li>\n<li>Dosisbereichsbestimmung<\/li>\n<li>Zulassungsstudien<\/li>\n<li>Zulassungsbeantragung<\/li>\n<\/ul>\n<h3>\n\t\tRegulatory\u00a0&#038; Registration\n\t<\/h3>\n\t<ul>\n<li>Regulierungsstrategie<\/li>\n<li>Wissenschaftliche Beratung<\/li>\n<li>Klinischer Protokollentwurf<\/li>\n<li>Orphan Drug Antr\u00e4ge<\/li>\n<li>Verfassen von regulatorischen und medizinischen Texten<\/li>\n<li>Entwicklung von Dossiers f\u00fcr Pr\u00fcfpr\u00e4parate (IMPD)<\/li>\n<li>P\u00e4diatrischer Studienplan (PIP)<\/li>\n<li>Abwicklung von Zulassungsantr\u00e4gen<\/li>\n<\/ul>\n<h3>\n\t\tSearch of Global partners\n\t<\/h3>\n\t<ul>\n<li>B2B business solutions<\/li>\n<li>B2C in some geographical areas.<\/li>\n<\/ul>","protected":false},"excerpt":{"rendered":"<p>SERVICES A Network of Specialised Service Providers IDRE offers a dynamic network of specialised service providers, combining expert focus with personalised support. Our centralised project management ensures every client benefits from the flexibility of tailored solutions and the strength of a united team.Let&#8217;s turn your vision into reality with precision and flexibility. Services Our four [&hellip;]<\/p>","protected":false},"author":4,"featured_media":0,"parent":0,"menu_order":0,"comment_status":"closed","ping_status":"closed","template":"","meta":{"site-sidebar-layout":"no-sidebar","site-content-layout":"page-builder","ast-site-content-layout":"default","site-content-style":"default","site-sidebar-style":"default","ast-global-header-display":"","ast-banner-title-visibility":"","ast-main-header-display":"","ast-hfb-above-header-display":"","ast-hfb-below-header-display":"","ast-hfb-mobile-header-display":"","site-post-title":"disabled","ast-breadcrumbs-content":"","ast-featured-img":"disabled","footer-sml-layout":"","ast-disable-related-posts":"","theme-transparent-header-meta":"enabled","adv-header-id-meta":"","stick-header-meta":"","header-above-stick-meta":"","header-main-stick-meta":"","header-below-stick-meta":"","astra-migrate-meta-layouts":"default","ast-page-background-enabled":"default","ast-page-background-meta":{"desktop":{"background-color":"","background-image":"","background-repeat":"repeat","background-position":"center center","background-size":"auto","background-attachment":"scroll","background-type":"","background-media":"","overlay-type":"","overlay-color":"","overlay-opacity":"","overlay-gradient":""},"tablet":{"background-color":"","background-image":"","background-repeat":"repeat","background-position":"center center","background-size":"auto","background-attachment":"scroll","background-type":"","background-media":"","overlay-type":"","overlay-color":"","overlay-opacity":"","overlay-gradient":""},"mobile":{"background-color":"","background-image":"","background-repeat":"repeat","background-position":"center center","background-size":"auto","background-attachment":"scroll","background-type":"","background-media":"","overlay-type":"","overlay-color":"","overlay-opacity":"","overlay-gradient":""}},"ast-content-background-meta":{"desktop":{"background-color":"var(--ast-global-color-5)","background-image":"","background-repeat":"repeat","background-position":"center center","background-size":"auto","background-attachment":"scroll","background-type":"","background-media":"","overlay-type":"","overlay-color":"","overlay-opacity":"","overlay-gradient":""},"tablet":{"background-color":"var(--ast-global-color-5)","background-image":"","background-repeat":"repeat","background-position":"center center","background-size":"auto","background-attachment":"scroll","background-type":"","background-media":"","overlay-type":"","overlay-color":"","overlay-opacity":"","overlay-gradient":""},"mobile":{"background-color":"var(--ast-global-color-5)","background-image":"","background-repeat":"repeat","background-position":"center center","background-size":"auto","background-attachment":"scroll","background-type":"","background-media":"","overlay-type":"","overlay-color":"","overlay-opacity":"","overlay-gradient":""}},"footnotes":""},"class_list":["post-8","page","type-page","status-publish","hentry"],"_links":{"self":[{"href":"https:\/\/www.idremed.com\/de\/wp-json\/wp\/v2\/pages\/8","targetHints":{"allow":["GET"]}}],"collection":[{"href":"https:\/\/www.idremed.com\/de\/wp-json\/wp\/v2\/pages"}],"about":[{"href":"https:\/\/www.idremed.com\/de\/wp-json\/wp\/v2\/types\/page"}],"author":[{"embeddable":true,"href":"https:\/\/www.idremed.com\/de\/wp-json\/wp\/v2\/users\/4"}],"replies":[{"embeddable":true,"href":"https:\/\/www.idremed.com\/de\/wp-json\/wp\/v2\/comments?post=8"}],"version-history":[{"count":35,"href":"https:\/\/www.idremed.com\/de\/wp-json\/wp\/v2\/pages\/8\/revisions"}],"predecessor-version":[{"id":1137,"href":"https:\/\/www.idremed.com\/de\/wp-json\/wp\/v2\/pages\/8\/revisions\/1137"}],"wp:attachment":[{"href":"https:\/\/www.idremed.com\/de\/wp-json\/wp\/v2\/media?parent=8"}],"curies":[{"name":"wp","href":"https:\/\/api.w.org\/{rel}","templated":true}]}}